{"id":3,"date":"2025-04-10T15:09:51","date_gmt":"2025-04-10T15:09:51","guid":{"rendered":"http:\/\/voro.local\/?page_id=3"},"modified":"2025-06-12T14:58:22","modified_gmt":"2025-06-12T14:58:22","slug":"politica-de-privacidad","status":"publish","type":"page","link":"https:\/\/vororestaurant.com\/de\/politica-de-privacidad\/","title":{"rendered":"Pol\u00edtica de privacidad"},"content":{"rendered":"\n<div class=\"wp-block-columns is-layout-flex wp-container-core-columns-is-layout-9d6595d7 wp-block-columns-is-layout-flex\">\n<div class=\"wp-block-column column-left is-layout-flow wp-block-column-is-layout-flow\">\n<div class=\"wp-block-columns title-sticky is-layout-flex wp-container-core-columns-is-layout-9d6595d7 wp-block-columns-is-layout-flex\">\n<div class=\"wp-block-column is-layout-flow wp-block-column-is-layout-flow\">\n<h1 class=\"wp-block-heading\">Pol\u00edticas de<\/h1>\n\n\n\n<h1 class=\"wp-block-heading\" style=\"font-style:italic;font-weight:400\">privacidad<\/h1>\n<\/div>\n<\/div>\n<\/div>\n\n\n\n<div class=\"wp-block-column column-right is-layout-flow wp-block-column-is-layout-flow\">\n<p>Version fecha: 09 de Octubre de 2018\u2028<\/p>\n\n\n\n<p>Esta pol\u00edtica de privacidad se aplica a la web&nbsp;www.vororestaurant.com<\/p>\n\n\n\n<p>Por favor, l\u00e9ala detenidamente. En ella encontrar\u00e1 informaci\u00f3n importante sobre el tratamiento de sus datos personales y los derechos que le reconoce la normativa vigente en la materia.&nbsp;&nbsp;Nos reservamos el derecho a actualizar nuestra pol\u00edtica de privacidad en cualquier momento por motivos de oportunidad, as\u00ed como para cumplir con eventuales cambios legislativos o jurisprudenciales. Si tiene dudas o necesita cualquier aclaraci\u00f3n respecto a nuestra pol\u00edtica de privacidad o a sus derechos, puede contactar con este despacho a trav\u00e9s de los canales que se indican m\u00e1s abajo.Ud. manifiesta que los datos que nos facilite, ahora o en el futuro, son correctos y veraces y se compromete a comunicarnos cualquier modificaci\u00f3n de los mismos. En caso de proporcionar datos de car\u00e1cter personal de terceros, se compromete a obtener el consentimiento previo de los afectados y a informarles acerca del contenido de esta pol\u00edtica.\u2028\u2028<\/p>\n\n\n\n<p>De manera general, los campos de nuestros formularios que son se\u00f1alados como obligatorios, deber\u00e1n necesariamente ser cumplimentados para poder tramitar sus solicitudes. Caso de no hacerlo, este despacho no podr\u00e1 atender su solicitud.Queda prohibida la reproducci\u00f3n total o parcial de esta p\u00e1gina o de sus contenidos sin la autorizaci\u00f3n expresa de su titular.<\/p>\n\n\n\n<p>Titular de la p\u00e1gina y responsables del tratamiento de sus datos personales\u2028La titular de esta p\u00e1gina web&nbsp; es:\u2028<\/p>\n\n\n\n<p>CAP VERMELL FACILITIES SLU,&nbsp;NIF B57727402.Domicilio social: Avenida des Cap Vermell 153 07589 Canyamel-Capdepera (Mallorca).\u2028Domicilio postal: V\u00eda Roma, n\u00ba 5, entresuelo 1\u00ba 07012 Palma de Mallorca\u2028Tel\u00e9fono de contacto: +34 971 252 700\u2028Correo electr\u00f3nico de contacto:&nbsp; info@grupocapvermell.comDatos de inscripci\u00f3n en el Registro Mercantil de Mallorca: Tomo&nbsp;2475&nbsp;Folio&nbsp;21&nbsp;Hoja n\u00famero&nbsp;PM68309.<\/p>\n\n\n\n<p>Esta empresa es la responsable de los tratamientos de datos relativos al formulario de contacto.<\/p>\n\n\n\n<p>\u00bfPara qu\u00e9 recogemos y tratamos sus datos desde esta web?<\/p>\n\n\n\n<p>Los datos de los usuarios de esta p\u00e1gina ser\u00e1n tratados para las siguientes finalidades. Datos recogidos a trav\u00e9s del formulario de contacto:&nbsp;al cumplimentar el formulario de contacto, los datos de car\u00e1cter personal que voluntariamente nos facilite a trav\u00e9s del formulario de contactos \u00fanicamente se utilizar\u00e1n para resolver la cuesti\u00f3n que nos plantee en el mismo y hacer seguimiento de su satisfacci\u00f3n ante nuestra respuesta<\/p>\n\n\n\n<p>\u00bfA qui\u00e9n podemos comunicar sus datos?<\/p>\n\n\n\n<p>En el caso de las cuestiones que nos plantee a trav\u00e9s del formulario de contacto, si resultara r necesario para atender su petici\u00f3n procederemos a trasladar la informaci\u00f3n a la empresa del grupo afectada- No realizaremos otras cesiones de los datos que usted ponga en nuestro conocimiento salvo en caso de obligaci\u00f3n legal por nuestra parte.<\/p>\n\n\n\n<p>Base jur\u00eddica de tratamientos y cesiones de sus datos.<\/p>\n\n\n\n<p>La legitimaci\u00f3n para el tratamiento que hacemos de los datos que nos facilita a trav\u00e9s del formulario de contacto&nbsp;deriva de su consentimiento (art\u00edculo 6.1.a del RGPD) y de nuestro inter\u00e9s leg\u00edtimo en atender sus peticiones y hacer seguimiento de su satisfacci\u00f3n con nuestra respuesta (art. 6.1f del RGPD). Usted podr\u00e1 revocar ese consentimiento en cualquier momento, si bien no con efectos retroactivos.<\/p>\n\n\n\n<p>\u00bfDurante cu\u00e1nto tiempo conservaremos sus datos?<\/p>\n\n\n\n<p>Contacto:&nbsp;conservaremos sus datos durante el tiempo necesario para atender las peticiones o cuestiones que nos plantee y hacer seguimiento de su satisfacci\u00f3n ante nuestra respuesta.Derechos en materia de protecci\u00f3n de datosEn los t\u00e9rminos previstos en la normativa vigente, usted puede ejercitar sus derechos de acceso, oposici\u00f3n, rectificaci\u00f3n, cancelaci\u00f3n, portabilidad y limitaci\u00f3n del tratamiento ante las sociedades responsables de cada tratamiento, presentando una solicitud acompa\u00f1ada de copia de documento oficial de identidad en la direcci\u00f3n postal se\u00f1alada en el primer apartado de esta informaci\u00f3n, departamento RGPD, o envi\u00e1ndola por mail a la direcci\u00f3n rgpd@grupocapvermell.com.<\/p>\n\n\n\n<p>Puede encontrar m\u00e1s informaci\u00f3n sobre c\u00f3mo ejercitar sus derechos consultando la p\u00e1gina web de la Agencia Espa\u00f1ola de Protecci\u00f3n de Datos: www.aepd.es .Igualmente, si no est\u00e1 conforme con el tratamiento de sus datos que realizamos puede usted presentar una reclamaci\u00f3n ante la Agencia Espa\u00f1ola de Protecci\u00f3n de Datos o, si reside en otro pa\u00eds de la Uni\u00f3n Europea, ante la autoridad de control de su pa\u00eds. Puede encontrar m\u00e1s informaci\u00f3n al respecto en la web de la Agencia Espa\u00f1ola de Protecci\u00f3n de Datos:&nbsp;www.aepd.es<\/p>\n\n\n\n<p>Medidas de seguridad<\/p>\n\n\n\n<p>Grupo Cap Vermell&nbsp;se compromete al cumplimiento de su obligaci\u00f3n de confidencialidad en relaci\u00f3n con sus datos de car\u00e1cter personal y de su deber de guardarlos, y adoptar\u00e1 las medidas necesarias para evitar su alteraci\u00f3n, p\u00e9rdida, tratamiento o acceso no autorizado, de acuerdo con lo establecido por normativa aplicable.<\/p>\n\n\n\n<p>Propiedad intelectual\/marcas<\/p>\n\n\n\n<p>La reproducci\u00f3n, copia, uso, distribuci\u00f3n, comercializaci\u00f3n, comunicaci\u00f3n p\u00fablica o cualquier otra actividad que se pueda llevar a cabo con la informaci\u00f3n contenida en estas p\u00e1ginas web y que se realice sin autorizaci\u00f3n expresa por parte de las empresas del Grupo Cap Vermell&nbsp; y\/o de los propietarios de las marcas, es una infracci\u00f3n que castiga la legislaci\u00f3n vigente.Los nombres y logotipos expuestos en estas p\u00e1ginas son marcas comerciales registradas, propiedad de Grupo Cap Vermell &nbsp;Grupo Cap Vermell&nbsp; rechaza toda responsabilidad que se derive de la mala utilizaci\u00f3n de los contenidos expuestos en estas p\u00e1ginas y se reserva el derecho a actualizarlos, eliminarlos, establecer limitaciones o restringir su acceso en cualquier momento, de manera temporal o permanente.<\/p>\n<\/div>\n<\/div>\n","protected":false},"excerpt":{"rendered":"<p>Pol\u00edticas de privacidad Version fecha: 09 de Octubre de 2018\u2028 Esta pol\u00edtica de privacidad se aplica a la web&nbsp;www.vororestaurant.com Por favor, l\u00e9ala detenidamente. En ella encontrar\u00e1 informaci\u00f3n importante sobre el tratamiento de sus datos personales y los derechos que le reconoce la normativa vigente en la materia.&nbsp;&nbsp;Nos reservamos el derecho a actualizar nuestra pol\u00edtica de [&hellip;]<\/p>\n","protected":false},"author":2,"featured_media":0,"parent":0,"menu_order":0,"comment_status":"closed","ping_status":"closed","template":"page-legal.php","meta":{"_acf_changed":false,"inline_featured_image":false,"footnotes":""},"class_list":["post-3","page","type-page","status-publish","hentry"],"acf":[],"_links":{"self":[{"href":"https:\/\/vororestaurant.com\/de\/wp-json\/wp\/v2\/pages\/3","targetHints":{"allow":["GET"]}}],"collection":[{"href":"https:\/\/vororestaurant.com\/de\/wp-json\/wp\/v2\/pages"}],"about":[{"href":"https:\/\/vororestaurant.com\/de\/wp-json\/wp\/v2\/types\/page"}],"author":[{"embeddable":true,"href":"https:\/\/vororestaurant.com\/de\/wp-json\/wp\/v2\/users\/2"}],"replies":[{"embeddable":true,"href":"https:\/\/vororestaurant.com\/de\/wp-json\/wp\/v2\/comments?post=3"}],"version-history":[{"count":3,"href":"https:\/\/vororestaurant.com\/de\/wp-json\/wp\/v2\/pages\/3\/revisions"}],"predecessor-version":[{"id":183,"href":"https:\/\/vororestaurant.com\/de\/wp-json\/wp\/v2\/pages\/3\/revisions\/183"}],"wp:attachment":[{"href":"https:\/\/vororestaurant.com\/de\/wp-json\/wp\/v2\/media?parent=3"}],"curies":[{"name":"wp","href":"https:\/\/api.w.org\/{rel}","templated":true}]}}