{"id":27,"date":"2025-04-14T11:30:56","date_gmt":"2025-04-14T11:30:56","guid":{"rendered":"http:\/\/voro.local\/?page_id=27"},"modified":"2026-01-29T10:22:24","modified_gmt":"2026-01-29T10:22:24","slug":"condiciones-de-reserva","status":"publish","type":"page","link":"https:\/\/vororestaurant.com\/de\/condiciones-de-reserva\/","title":{"rendered":"Buchungsbedingungen"},"content":{"rendered":"\n<div class=\"wp-block-columns is-layout-flex wp-container-core-columns-is-layout-9d6595d7 wp-block-columns-is-layout-flex\">\n<div class=\"wp-block-column column-left is-layout-flow wp-block-column-is-layout-flow\">\n<div class=\"wp-block-columns title-sticky is-layout-flex wp-container-core-columns-is-layout-9d6595d7 wp-block-columns-is-layout-flex\">\n<div class=\"wp-block-column is-layout-flow wp-block-column-is-layout-flow\">\n<h1 class=\"wp-block-heading\"><strong>Reservierungs-<\/strong><\/h1>\n\n\n\n<h1 class=\"wp-block-heading\" style=\"font-style:italic;font-weight:400\">Bedingungen<br><\/h1>\n<\/div>\n<\/div>\n<\/div>\n\n\n\n<div class=\"wp-block-column column-right is-layout-flow wp-block-column-is-layout-flow\">\n<p>Sehr geehrte G\u00e4ste,<\/p>\n\n\n\n<p>wir bitten Sie, die folgenden Hinweise aufmerksam zu lesen, um Ihre Reservierung erfolgreich durchf\u00fchren zu k\u00f6nnen.<\/p>\n\n\n\n<p><\/p>\n\n\n\n<p><strong>\u00d6FFNUNGSZEITEN:<\/strong><br>Dienstag bis Samstag von 19:00 bis 20:30 Uhr. Sonntag und Montag geschlossen (M\u00e4rz, April, Mai und Oktober).<br>Montag bis Freitag w\u00e4hrend der \u00fcbrigen Monate des Jahres (vorbehaltlich gelegentlicher \u00c4nderungen aufgrund externer Ereignisse).<\/p>\n\n\n\n<p>Wir danken Ihnen f\u00fcr Ihre P\u00fcnktlichkeit, da diese uns hilft, Ihnen ein optimales Erlebnis zu garantieren. Sie verf\u00fcgen \u00fcber&nbsp;<strong>eine Kulanzzeit von 20 Minuten<\/strong>, nach deren Ablauf&nbsp;<strong>Ihr Reservierungsanspruch verfallen kann<\/strong>.<\/p>\n\n\n\n<p><\/p>\n\n\n\n<p>F\u00fcr Ihre Reservierung im VORO ist der Kauf&nbsp;<strong>eines Tickets pro Gast<\/strong>&nbsp;erforderlich. Dieser Betrag&nbsp;<strong>wird von Ihrer Endrechnung abgezogen<\/strong>.<\/p>\n\n\n\n<p>Wenn Sie Ihre Reservierung stornieren m\u00f6chten, muss dies&nbsp;<strong>ausschlie\u00dflich per E Mail<\/strong>&nbsp;an&nbsp;<strong><a href=\"mailto:voro@capvermell.com\">voro@capvermell.com<\/a><\/strong> mindestens&nbsp;<strong>48 Stunden im Voraus<\/strong>&nbsp;erfolgen, um eine R\u00fcckerstattung zu erhalten. Bitte beachten Sie, dass&nbsp;<strong>telefonische Stornierungen nicht akzeptiert werden<\/strong>.<\/p>\n\n\n\n<p>Das Online-Reservierungssystem garantiert die Pl\u00e4tze f\u00fcr die angegebene Personenzahl sowie das ausgew\u00e4hlte Datum und die Uhrzeit.<br>Nach erneuter Best\u00e4tigung der Reservierung&nbsp;<strong>sind \u00c4nderungen der Personenzahl, des Datums oder der Uhrzeit nicht mehr m\u00f6glich<\/strong>.<br>Das Restaurant VORO \u00fcbernimmt keine Verantwortung f\u00fcr fehlerhafte oder nicht ordnungsgem\u00e4\u00df durchgef\u00fchrte Reservierungen.<\/p>\n\n\n\n<p>Unser Men\u00fc umfasst Meeresprodukte mit intensiven Aromen, Gem\u00fcse und Innereien. Um das Erlebnis vollst\u00e4ndig genie\u00dfen zu k\u00f6nnen, empfehlen wir eine offene Einstellung, da viele dieser Zutaten unverzichtbar sind.<\/p>\n\n\n\n<p>Sollten Sie&nbsp;<strong>Unvertr\u00e4glichkeiten oder besondere Ern\u00e4hrungsbed\u00fcrfnisse<\/strong>&nbsp;haben, bitten wir Sie, das Restaurant direkt zu kontaktieren, damit unser Team Sie beraten kann. Wenn wir nicht im Voraus informiert werden,&nbsp;<strong>k\u00f6nnen wir keine Anpassungen des Men\u00fcs garantieren<\/strong>.<\/p>\n\n\n\n<p>Wir&nbsp;<strong>BIETEN KEINE<\/strong>&nbsp;vegane, vegetarische, \u201ecarnivore\u201c oder \u00e4hnliche Men\u00fcvarianten an.<\/p>\n\n\n\n<p>VORO ist ein Restaurant f\u00fcr Erwachsene;&nbsp;<strong>Kinder unter 16 Jahren werden nicht akzeptiert<\/strong>.<\/p>\n\n\n\n<p>F\u00fcr Reservierungen von&nbsp;<strong>mehr als 6 Personen<\/strong>, kontaktieren Sie uns bitte unter&nbsp;<strong><a href=\"mailto:voro@capvermell.com\">voro@capvermell.com<\/a><\/strong>.<\/p>\n\n\n\n<p>Ein&nbsp;<strong>elegant-l\u00e4ssiger Dresscode<\/strong>&nbsp;wird gesch\u00e4tzt; bei Herren werden lange Hosen und geschlossenes Schuhwerk erwartet.<\/p>\n\n\n\n<p>Wenn an Ihrem Wunschdatum keine Verf\u00fcgbarkeit besteht, empfehlen wir Ihnen, sich auf unsere&nbsp;<strong>Warteliste<\/strong>&nbsp;setzen zu lassen, um im Falle einer Stornierung kontaktiert zu werden.<\/p>\n\n\n\n<p>Ihre Reservierung&nbsp;<strong>ist erst g\u00fcltig, sobald Sie eine Best\u00e4tigung per E-Mail oder SMS erhalten<\/strong>.<\/p>\n\n\n\n<p style=\"font-style:italic;font-weight:400\">Vielen Dank f\u00fcr Ihre Reservierung im VORO!<\/p>\n<\/div>\n<\/div>\n","protected":false},"excerpt":{"rendered":"<p>Reservierungs- Bedingungen Sehr geehrte G\u00e4ste, wir bitten Sie, die folgenden Hinweise aufmerksam zu lesen, um Ihre Reservierung erfolgreich durchf\u00fchren zu k\u00f6nnen. \u00d6FFNUNGSZEITEN:Dienstag bis Samstag von 19:00 bis 20:30 Uhr. Sonntag und Montag geschlossen (M\u00e4rz, April, Mai und Oktober).Montag bis Freitag w\u00e4hrend der \u00fcbrigen Monate des Jahres (vorbehaltlich gelegentlicher \u00c4nderungen aufgrund externer Ereignisse). Wir danken Ihnen [&hellip;]<\/p>\n","protected":false},"author":2,"featured_media":0,"parent":0,"menu_order":0,"comment_status":"closed","ping_status":"closed","template":"page-legal.php","meta":{"_acf_changed":false,"inline_featured_image":false,"footnotes":""},"class_list":["post-27","page","type-page","status-publish","hentry"],"acf":[],"_links":{"self":[{"href":"https:\/\/vororestaurant.com\/de\/wp-json\/wp\/v2\/pages\/27","targetHints":{"allow":["GET"]}}],"collection":[{"href":"https:\/\/vororestaurant.com\/de\/wp-json\/wp\/v2\/pages"}],"about":[{"href":"https:\/\/vororestaurant.com\/de\/wp-json\/wp\/v2\/types\/page"}],"author":[{"embeddable":true,"href":"https:\/\/vororestaurant.com\/de\/wp-json\/wp\/v2\/users\/2"}],"replies":[{"embeddable":true,"href":"https:\/\/vororestaurant.com\/de\/wp-json\/wp\/v2\/comments?post=27"}],"version-history":[{"count":13,"href":"https:\/\/vororestaurant.com\/de\/wp-json\/wp\/v2\/pages\/27\/revisions"}],"predecessor-version":[{"id":716,"href":"https:\/\/vororestaurant.com\/de\/wp-json\/wp\/v2\/pages\/27\/revisions\/716"}],"wp:attachment":[{"href":"https:\/\/vororestaurant.com\/de\/wp-json\/wp\/v2\/media?parent=27"}],"curies":[{"name":"wp","href":"https:\/\/api.w.org\/{rel}","templated":true}]}}