{"id":25,"date":"2025-04-14T11:30:42","date_gmt":"2025-04-14T11:30:42","guid":{"rendered":"http:\/\/voro.local\/?page_id=25"},"modified":"2025-12-03T14:54:30","modified_gmt":"2025-12-03T14:54:30","slug":"reservar","status":"publish","type":"page","link":"https:\/\/vororestaurant.com\/de\/reservar\/","title":{"rendered":"Reservieren"},"content":{"rendered":"\n<div class=\"wp-block-columns is-layout-flex wp-container-core-columns-is-layout-9d6595d7 wp-block-columns-is-layout-flex\">\n<div class=\"wp-block-column column-left is-layout-flow wp-block-column-is-layout-flow\">\n<figure class=\"wp-block-image size-large\"><img loading=\"lazy\" decoding=\"async\" width=\"720\" height=\"1024\" src=\"https:\/\/vororestaurant.com\/de\/wp-content\/uploads\/sites\/5\/2025\/06\/Imagen-Reserva-720x1024.webp\" alt=\"\" class=\"wp-image-188\" srcset=\"https:\/\/vororestaurant.com\/de\/wp-content\/uploads\/sites\/5\/2025\/06\/Imagen-Reserva-720x1024.webp 720w, https:\/\/vororestaurant.com\/de\/wp-content\/uploads\/sites\/5\/2025\/06\/Imagen-Reserva-211x300.webp 211w, https:\/\/vororestaurant.com\/de\/wp-content\/uploads\/sites\/5\/2025\/06\/Imagen-Reserva-768x1092.webp 768w, https:\/\/vororestaurant.com\/de\/wp-content\/uploads\/sites\/5\/2025\/06\/Imagen-Reserva-1080x1536.webp 1080w, https:\/\/vororestaurant.com\/de\/wp-content\/uploads\/sites\/5\/2025\/06\/Imagen-Reserva-1440x2048.webp 1440w, https:\/\/vororestaurant.com\/de\/wp-content\/uploads\/sites\/5\/2025\/06\/Imagen-Reserva-scaled.webp 1800w\" sizes=\"auto, (max-width: 720px) 100vw, 720px\" \/><\/figure>\n<\/div>\n\n\n\n<div class=\"wp-block-column column-right is-layout-flow wp-block-column-is-layout-flow\">\n<div class=\"wp-block-columns is-layout-flex wp-container-core-columns-is-layout-9d6595d7 wp-block-columns-is-layout-flex\">\n<div class=\"wp-block-column block-text is-layout-flow wp-block-column-is-layout-flow\">\n<h1 class=\"wp-block-heading\">Reservieren Sie Ihren<br>Tisch im Voro<\/h1>\n\n\n\n<p>Unser Restaurant bietet ein gastronomisches Erlebnis, das ausschlie\u00dflich auf einem Degustationsmen\u00fc basiert, dessen Dauer je nach Tempo des Gastes variieren kann. Aufgrund der Komplexit\u00e4t unseres Konzepts k\u00f6nnen wir das Men\u00fc nicht an bestimmte schwere Allergien anpassen. Daher ist es unerl\u00e4sslich, uns vor der Reservierung zu kontaktieren, wenn eine bedeutende Unvertr\u00e4glichkeit vorliegt. Wir bieten keine vegetarischen, veganen oder bevorzugungsbasierten Men\u00fcs an. Der Zugang ist f\u00fcr G\u00e4ste unter 16 Jahren nicht geeignet.<\/p>\n\n\n\n<p>Weitere Informationen finden Sie in unseren <a href=\"https:\/\/vororestaurant.com\/de\/condiciones-de-reserva\/\" data-type=\"page\" data-id=\"27\">Reservierungsbedingungen<\/a>.<\/p>\n\n\n\n    <div class=\"accept clickable\">\n      <label for=\"accept\">\n        <input type=\"checkbox\" id=\"accept\" name=\"accept\"> \n         Ich habe die <a href=https:\/\/vororestaurant.com\/condiciones-de-reserva\/\/ target= \"_blank\">RESERVIERUNGSBEDINGUNGEN<\/a>      <\/label>\n    <\/div>\n    <script>\n      document.addEventListener(\"DOMContentLoaded\", (event) => {\n\n        const cursor = document.querySelector('#cursor');\n        const check = document.querySelector('#accept');\n        const iframe = document.querySelector('.motor-reservas');\n      \n        check.addEventListener('change', (e) => {\n          if ( e.target.checked ) {\n            iframe.classList.add('active')\n            cursor.classList.add('checkactive')\n          } else {\n            iframe.classList.remove('active')\n            cursor.classList.remove('checkactive')\n          }\n        } )\n      })\n    <\/script>\n\n    \n\n\n<p>iframe-reservas<\/p>\n<\/div>\n<\/div>\n<\/div>\n<\/div>\n\n\n\n<p><\/p>\n","protected":false},"excerpt":{"rendered":"<p>Reservieren Sie IhrenTisch im Voro Unser Restaurant bietet ein gastronomisches Erlebnis, das ausschlie\u00dflich auf einem Degustationsmen\u00fc basiert, dessen Dauer je nach Tempo des Gastes variieren kann. Aufgrund der Komplexit\u00e4t unseres Konzepts k\u00f6nnen wir das Men\u00fc nicht an bestimmte schwere Allergien anpassen. Daher ist es unerl\u00e4sslich, uns vor der Reservierung zu kontaktieren, wenn eine bedeutende Unvertr\u00e4glichkeit [&hellip;]<\/p>\n","protected":false},"author":2,"featured_media":0,"parent":0,"menu_order":0,"comment_status":"closed","ping_status":"closed","template":"template-parts\/page-reserve.php","meta":{"_acf_changed":false,"inline_featured_image":false,"footnotes":""},"class_list":["post-25","page","type-page","status-publish","hentry"],"acf":[],"_links":{"self":[{"href":"https:\/\/vororestaurant.com\/de\/wp-json\/wp\/v2\/pages\/25","targetHints":{"allow":["GET"]}}],"collection":[{"href":"https:\/\/vororestaurant.com\/de\/wp-json\/wp\/v2\/pages"}],"about":[{"href":"https:\/\/vororestaurant.com\/de\/wp-json\/wp\/v2\/types\/page"}],"author":[{"embeddable":true,"href":"https:\/\/vororestaurant.com\/de\/wp-json\/wp\/v2\/users\/2"}],"replies":[{"embeddable":true,"href":"https:\/\/vororestaurant.com\/de\/wp-json\/wp\/v2\/comments?post=25"}],"version-history":[{"count":13,"href":"https:\/\/vororestaurant.com\/de\/wp-json\/wp\/v2\/pages\/25\/revisions"}],"predecessor-version":[{"id":713,"href":"https:\/\/vororestaurant.com\/de\/wp-json\/wp\/v2\/pages\/25\/revisions\/713"}],"wp:attachment":[{"href":"https:\/\/vororestaurant.com\/de\/wp-json\/wp\/v2\/media?parent=25"}],"curies":[{"name":"wp","href":"https:\/\/api.w.org\/{rel}","templated":true}]}}