{"id":157,"date":"2025-05-16T10:58:19","date_gmt":"2025-05-16T10:58:19","guid":{"rendered":"http:\/\/voro.local\/?page_id=157"},"modified":"2025-08-20T13:41:17","modified_gmt":"2025-08-20T13:41:17","slug":"politica-de-cookies","status":"publish","type":"page","link":"https:\/\/vororestaurant.com\/de\/politica-de-cookies\/","title":{"rendered":"Cookie-Richtlinie"},"content":{"rendered":"\n<div class=\"wp-block-columns is-layout-flex wp-container-core-columns-is-layout-9d6595d7 wp-block-columns-is-layout-flex\">\n<div class=\"wp-block-column column-left is-layout-flow wp-block-column-is-layout-flow\">\n<div class=\"wp-block-columns title-sticky is-layout-flex wp-container-core-columns-is-layout-9d6595d7 wp-block-columns-is-layout-flex\">\n<div class=\"wp-block-column is-layout-flow wp-block-column-is-layout-flow\">\n<h1 class=\"wp-block-heading\">Cookie<\/h1>\n\n\n\n<h1 class=\"wp-block-heading\" style=\"font-style:italic;font-weight:400\">Richtlinie<\/h1>\n<\/div>\n<\/div>\n<\/div>\n\n\n\n<div class=\"wp-block-column column-right is-layout-flow wp-block-column-is-layout-flow\">\n<p><strong>1. \u00dcber die Verwendung von Cookies<\/strong><br>Diese Website verwendet eigene und fremde <em>Cookies<\/em>, um Ihnen eine bessere Erfahrung und einen besseren Service zu bieten. Durch das Surfen akzeptiert der Nutzer die Verwendung von <em>Cookies<\/em>. Der Nutzer hat jedoch die M\u00f6glichkeit, die Generierung von <em>Cookies<\/em> zu verhindern und diese durch die Auswahl der entsprechenden Option in seinem Browser zu l\u00f6schen. Falls die Verwendung von <em>Cookies<\/em> im Browser blockiert wird, k\u00f6nnen bestimmte Dienste oder Funktionen der Website m\u00f6glicherweise nicht verf\u00fcgbar sein.<br><\/p>\n\n\n\n<p><strong>2. Was ist ein Cookie?<\/strong><br>Ein <em>Cookie<\/em> ist ein kleines Textfragment, das Websites an den Browser senden und das auf dem Endger\u00e4t des Nutzers gespeichert wird, sei es ein Computer, ein Mobiltelefon, ein Tablet usw. Diese Dateien erm\u00f6glichen es der Website, sich Informationen \u00fcber Ihren Besuch zu merken, wie z. B. Sprache und bevorzugte Optionen, was Ihren n\u00e4chsten Besuch erleichtern und die Website durch personalisierte Inhalte n\u00fctzlicher machen kann. <em>Cookies<\/em> spielen eine sehr wichtige Rolle, da sie die Nutzungserfahrung der Website verbessern.<br><\/p>\n\n\n\n<p><strong>3. Wie werden Cookies verwendet?<\/strong><br>Beim Surfen auf diesem Webportal akzeptiert der Nutzer, dass <em>Cookies<\/em> auf seinem Endger\u00e4t installiert werden k\u00f6nnen, die uns folgende Informationen erm\u00f6glichen:<\/p>\n\n\n\n<p>Bevorzugtes Webformat beim Zugriff \u00fcber mobile Ger\u00e4te.<\/p>\n\n\n\n<p>Die letzten Suchanfragen in den Diensten der Website sowie Daten zur Personalisierung dieser Dienste.<\/p>\n\n\n\n<p>Verbindungsdaten mit sozialen Netzwerken f\u00fcr Nutzer, die sich mit ihrem Facebook- oder Twitter-Account anmelden.<\/p>\n\n\n\n<p>Statistische Informationen \u00fcber die Nutzung der Website.<\/p>\n\n\n\n<p><\/p>\n\n\n\n<p><strong>4. Arten von verwendeten Cookies<\/strong><br>Diese Website verwendet sowohl tempor\u00e4re <em>Session-Cookies<\/em> als auch permanente <em>Cookies<\/em>. <em>Session-Cookies<\/em> speichern Daten nur w\u00e4hrend des Zugriffs des Nutzers auf die Website, w\u00e4hrend permanente <em>Cookies<\/em> die Daten auf dem Endger\u00e4t speichern, sodass diese in mehr als einer Sitzung abgerufen und verwendet werden k\u00f6nnen. Je nach Zweck der durch die <em>Cookies<\/em> gewonnenen Daten kann die Website Folgendes verwenden:<\/p>\n\n\n\n<p><\/p>\n\n\n\n<p><strong>5. Technische Cookies<\/strong><br>Dies sind diejenigen, die dem Nutzer die Navigation durch die Website oder Anwendung sowie die Nutzung der darin vorhandenen verschiedenen Optionen oder Dienste erm\u00f6glichen. Zum Beispiel: Kontrolle des Datenverkehrs und der Kommunikation, Identifizierung der Sitzung, Zugriff auf Bereiche mit eingeschr\u00e4nktem Zugang, Speicherung der Elemente eines Warenkorbs, Durchf\u00fchrung von Anmeldungen oder Teilnahme an Veranstaltungen, Nutzung von Sicherheitselementen w\u00e4hrend des Surfens oder Speicherung von Inhalten zur Wiedergabe von Videos oder Audiodateien.<br><\/p>\n\n\n\n<p><strong>6. Personalisierungs-Cookies<\/strong><br>Dies sind diejenigen, die dem Nutzer den Zugriff auf den Dienst mit einigen allgemeinen, vordefinierten Merkmalen seines Endger\u00e4ts oder mit vom Nutzer selbst festgelegten Einstellungen erm\u00f6glichen. Zum Beispiel: Sprache, Art des Browsers, \u00fcber den auf den Dienst zugegriffen wird, ausgew\u00e4hltes Inhaltsdesign, Geolokalisierung des Endger\u00e4ts und regionale Konfiguration, von der aus auf den Dienst zugegriffen wird.<br><\/p>\n\n\n\n<p><strong>7. Analyse-Cookies (statistisch)<\/strong><br>Dies sind diejenigen, die die Nachverfolgung und Analyse des Verhaltens der Nutzer auf Websites erm\u00f6glichen. Die durch diese Art von <em>Cookies<\/em> gesammelten Informationen werden zur Messung der Aktivit\u00e4t von Websites, Anwendungen oder Plattformen und zur Erstellung von Navigationsprofilen der Nutzer dieser Seiten verwendet, um den Dienst entsprechend der Nutzung durch die Nutzer zu verbessern.<br><\/p>\n\n\n\n<p><strong><strong>8. Cookies von Dritten<\/strong><br><\/strong>Auf einigen Websites k\u00f6nnen <em>Cookies<\/em> von Drittanbietern installiert werden, die es erm\u00f6glichen, die angebotenen Dienste zu verwalten und zu verbessern, wie z. B. die statistischen Dienste von Google Analytics.<br><\/p>\n\n\n\n<p><strong><strong>9. Wie verwaltet man Cookies im Browser?<\/strong><br><\/strong>Der Nutzer hat die M\u00f6glichkeit, die auf seinem Ger\u00e4t installierten <em>Cookies<\/em> \u00fcber die Konfiguration der Optionen des installierten Browsers zuzulassen, zu blockieren oder zu l\u00f6schen:<\/p>\n\n\n\n<p><strong>Google Chrome<\/strong>:<\/p>\n\n\n\n<ul class=\"wp-block-list\">\n<li>Klicken Sie auf das Men\u00fc in der Symbolleiste (oben rechts, ein Symbol mit drei Strichen).<\/li>\n\n\n\n<li>W\u00e4hlen Sie \u201eEinstellungen\u201c.<\/li>\n\n\n\n<li>Klicken Sie unten im Fenster auf \u201eErweiterte Einstellungen anzeigen\u201c.<\/li>\n\n\n\n<li>Im Abschnitt \u201eDatenschutz\u201c klicken Sie auf \u201eInhaltseinstellungen\u201c.<\/li>\n\n\n\n<li>Im Abschnitt \u201eCookies\u201c k\u00f6nnen die Optionen konfiguriert werden.<\/li>\n<\/ul>\n\n\n\n<p><\/p>\n\n\n\n<p><strong>Mozilla Firefox<\/strong>:<\/p>\n\n\n\n<ul class=\"wp-block-list\">\n<li>Klicken Sie oben im Fenster auf das Men\u00fc \u201eExtras\u201c.<\/li>\n\n\n\n<li>W\u00e4hlen Sie \u201eOptionen\u201c.<\/li>\n\n\n\n<li>W\u00e4hlen Sie den Bereich \u201eDatenschutz\u201c.<\/li>\n\n\n\n<li>Hier k\u00f6nnen Sie die gew\u00fcnschte Einstellung f\u00fcr <em>Cookies<\/em> vornehmen.<\/li>\n<\/ul>\n\n\n\n<p><\/p>\n\n\n\n<p><strong>Internet Explorer 9<\/strong>:<\/p>\n\n\n\n<ul class=\"wp-block-list\">\n<li>Klicken Sie oben im Fenster auf das Men\u00fc \u201eExtras\u201c oder auf das Zahnradsymbol (oben rechts).<\/li>\n\n\n\n<li>W\u00e4hlen Sie die Registerkarte \u201eSicherheit\u201c und klicken Sie auf \u201eBrowserverlauf l\u00f6schen\u201c, um <em>Cookies<\/em> zu entfernen. Aktivieren Sie das Kontrollk\u00e4stchen \u201eCookies\u201c und klicken Sie anschlie\u00dfend auf \u201eL\u00f6schen\u201c.<\/li>\n\n\n\n<li>Gehen Sie erneut zur Registerkarte \u201eSicherheit\u201c und w\u00e4hlen Sie \u201eDatenschutzrichtlinie\u201c. Dort k\u00f6nnen Sie die Einstellungen vornehmen, indem Sie den Schieberegler ganz nach oben bewegen, um alle <em>Cookies<\/em> zu blockieren, oder ganz nach unten, um alle zuzulassen. Klicken Sie anschlie\u00dfend auf \u201eOK\u201c.<\/li>\n<\/ul>\n\n\n\n<p>Wenn die Verwendung von <em>Cookies<\/em> im Browser blockiert wird, k\u00f6nnen bestimmte Dienste oder Funktionen der Website m\u00f6glicherweise nicht verf\u00fcgbar sein.<\/p>\n\n\n\n<p>In einigen Browsern k\u00f6nnen spezifische Regeln f\u00fcr die Verwaltung von <em>Cookies<\/em> je nach Website konfiguriert werden, was eine pr\u00e4zisere Kontrolle \u00fcber die Privatsph\u00e4re bietet. Dies bedeutet, dass <em>Cookies<\/em> von allen Websites deaktiviert werden k\u00f6nnen, au\u00dfer von denjenigen, denen Sie vertrauen.<\/p>\n<\/div>\n<\/div>\n\n\n\n<p><\/p>\n","protected":false},"excerpt":{"rendered":"<p>Cookie Richtlinie 1. \u00dcber die Verwendung von CookiesDiese Website verwendet eigene und fremde Cookies, um Ihnen eine bessere Erfahrung und einen besseren Service zu bieten. Durch das Surfen akzeptiert der Nutzer die Verwendung von Cookies. Der Nutzer hat jedoch die M\u00f6glichkeit, die Generierung von Cookies zu verhindern und diese durch die Auswahl der entsprechenden Option [&hellip;]<\/p>\n","protected":false},"author":2,"featured_media":0,"parent":0,"menu_order":0,"comment_status":"closed","ping_status":"closed","template":"page-legal.php","meta":{"_acf_changed":false,"inline_featured_image":false,"footnotes":""},"class_list":["post-157","page","type-page","status-publish","hentry"],"acf":[],"_links":{"self":[{"href":"https:\/\/vororestaurant.com\/de\/wp-json\/wp\/v2\/pages\/157","targetHints":{"allow":["GET"]}}],"collection":[{"href":"https:\/\/vororestaurant.com\/de\/wp-json\/wp\/v2\/pages"}],"about":[{"href":"https:\/\/vororestaurant.com\/de\/wp-json\/wp\/v2\/types\/page"}],"author":[{"embeddable":true,"href":"https:\/\/vororestaurant.com\/de\/wp-json\/wp\/v2\/users\/2"}],"replies":[{"embeddable":true,"href":"https:\/\/vororestaurant.com\/de\/wp-json\/wp\/v2\/comments?post=157"}],"version-history":[{"count":3,"href":"https:\/\/vororestaurant.com\/de\/wp-json\/wp\/v2\/pages\/157\/revisions"}],"predecessor-version":[{"id":634,"href":"https:\/\/vororestaurant.com\/de\/wp-json\/wp\/v2\/pages\/157\/revisions\/634"}],"wp:attachment":[{"href":"https:\/\/vororestaurant.com\/de\/wp-json\/wp\/v2\/media?parent=157"}],"curies":[{"name":"wp","href":"https:\/\/api.w.org\/{rel}","templated":true}]}}